{"id":5521,"date":"2021-08-19T13:27:17","date_gmt":"2021-08-19T13:27:17","guid":{"rendered":"https:\/\/www.billdu.com\/sk\/?page_id=5521"},"modified":"2024-08-08T13:08:59","modified_gmt":"2024-08-08T13:08:59","slug":"jobs","status":"publish","type":"page","link":"https:\/\/www.billdu.com\/sk\/jobs\/","title":{"rendered":"Kari\u00e9ra v Billdu"},"content":{"rendered":"\t\t<div data-elementor-type=\"wp-page\" data-elementor-id=\"5521\" class=\"elementor elementor-5521\" data-elementor-post-type=\"page\">\n\t\t\t\t\t\t<section class=\"elementor-section elementor-top-section elementor-element elementor-element-320a9d3 elementor-section-boxed elementor-section-height-default elementor-section-height-default\" data-id=\"320a9d3\" data-element_type=\"section\" data-e-type=\"section\">\n\t\t\t\t\t\t<div class=\"elementor-container elementor-column-gap-default\">\n\t\t\t\t\t<div class=\"elementor-column elementor-col-100 elementor-top-column elementor-element elementor-element-b7595c1\" data-id=\"b7595c1\" data-element_type=\"column\" data-e-type=\"column\">\n\t\t\t<div class=\"elementor-widget-wrap elementor-element-populated\">\n\t\t\t\t\t\t<div class=\"elementor-element elementor-element-3dbccc1 elementor-widget elementor-widget-Buttons section\" data-id=\"3dbccc1\" data-element_type=\"widget\" data-e-type=\"widget\" data-widget_type=\"Buttons section.default\">\n\t\t\t\t<div class=\"elementor-widget-container\">\n\t\t\t\t\t\n\t\t\t<section class=\"padding-style-6\">\n\t\t\t\t<div class=\"container-small\">\n\t\t\t\t\t<div class=\"row\">\n\t\t\t\t\t\t<div class=\"col-12 txt-c margin-bottom-2 margin-bottom-md-4 h--margin-0\">\n\t\t\t\t\t\t\t<h1 class=\"beta\">AKTU\u00c1LNE ponuky<\/h1>\n\t\t\t\t\t\t<\/div>\n\t\t\t\t\t<\/div>\n\t\t\t\t\t<div class=\"row\">\n\t\t\t\t\t\t<div class=\"col-12 accordion-group accordion-group--arrow-right p--margin-1 p--size-20 p--sm-size-16\">\n\t\t\t\t\t\t\t\n\t\t\t\t\t\t<\/div>\n\t\t\t\t\t<\/div>\n\t\t\t\t<\/div>\n\t\t\t<\/section>\n\t\t\t\t\t\t<\/div>\n\t\t\t\t<\/div>\n\t\t\t\t\t<\/div>\n\t\t<\/div>\n\t\t\t\t\t<\/div>\n\t\t<\/section>\n\t\t\t\t<section class=\"elementor-section elementor-top-section elementor-element elementor-element-199a42c elementor-section-boxed elementor-section-height-default elementor-section-height-default\" data-id=\"199a42c\" data-element_type=\"section\" data-e-type=\"section\">\n\t\t\t\t\t\t<div class=\"elementor-container elementor-column-gap-default\">\n\t\t\t\t\t<div class=\"elementor-column elementor-col-100 elementor-top-column elementor-element elementor-element-780c99e\" data-id=\"780c99e\" data-element_type=\"column\" data-e-type=\"column\">\n\t\t\t<div class=\"elementor-widget-wrap elementor-element-populated\">\n\t\t\t\t\t\t<div class=\"elementor-element elementor-element-bafca19 elementor-widget elementor-widget-FAQ\" data-id=\"bafca19\" data-element_type=\"widget\" data-e-type=\"widget\" data-widget_type=\"FAQ.default\">\n\t\t\t\t<div class=\"elementor-widget-container\">\n\t\t\t\t\t\n\t\t\t<section class=\"padding-style-6\">\n\t\t\t\t<div class=\"container-small\">\n\t\t\t\t\t<div class=\"row\">\n\t\t\t\t\t\t<div class=\"col-12 txt-c margin-bottom-2 margin-bottom-md-4 h--margin-0\">\n\t\t\t\t\t\t\t<h2 class=\"beta\"><\/h2>\n\t\t\t\t\t\t<\/div>\n\t\t\t\t\t<\/div>\n\t\t\t\t\t<div class=\"row\">\n\t\t\t\t\t\t<div class=\"col-12 accordion-group  p--margin-1 p--size-20 p--sm-size-16\">\n\t\t\t\t\t\t\t\n\t\t\t\t\t\t<\/div>\n\t\t\t\t\t<\/div>\n\t\t\t\t\t\n\t\t\t\t<\/div>\n\t\t\t<\/section>\n\t\t\t\t\t\t<\/div>\n\t\t\t\t<\/div>\n\t\t\t\t<div class=\"elementor-element elementor-element-fbfbcbf elementor-widget elementor-widget-Cross sell\" data-id=\"fbfbcbf\" data-element_type=\"widget\" data-e-type=\"widget\" data-widget_type=\"Cross sell.default\">\n\t\t\t\t<div class=\"elementor-widget-container\">\n\t\t\t\t\t\n\t\t\t<section class=\"bg-blue section-invoice-bg\">\n\t\t\t\t<div class=\"d-none d-lg-block\">\n\t\t\t\t\t<svg class=\"bg-wave bg-wave-invoice-top\" version=\"1.1\" xmlns=\"http:\/\/www.w3.org\/2000\/svg\" xmlns:xlink=\"http:\/\/www.w3.org\/1999\/xlink\" x=\"0px\" y=\"0px\" viewBox=\"0 0 1440 237.7\" style=\"enable-background:new 0 0 1440 237.7;\" xml:space=\"preserve\" preserveAspectRatio=\"none\">\n\t\t\t\t\t\t<path fill=\"#0029F2\" d=\"M747.5,100.5c389-143,699.7-123.7,809,0l50,139.5c-219.4,0-336.8-2.3-614.9-2.3c-319.8,0-271.6,0-613.6,0      c-378,0-480.5-2.3-480.5-2.3l2-134.9C23,267.2,358.5,243.5,747.5,100.5z\"><\/path>\n\t\t\t\t\t<\/svg>\n\t\t\t\t<\/div>\n\t\t\t\t<div class=\"d-lg-none\">\n\t\t\t\t\t<svg class=\"bg-wave bg-wave-invoice-top\" version=\"1.1\" xmlns=\"http:\/\/www.w3.org\/2000\/svg\" xmlns:xlink=\"http:\/\/www.w3.org\/1999\/xlink\" x=\"0px\" y=\"0px\" viewBox=\"0 0 1440 128\" style=\"enable-background:new 0 0 1440 128;\" xml:space=\"preserve\" preserveAspectRatio=\"none\">\n\t\t\t\t\t\t<path fill=\"#0029F2\" d=\"M733.5,72.3c384.8-120.3,699.7-50.1,809,0l64,55.7c-227.2,0-264.8,0-535,0C729,128,736,128,378,128      c-430.9,0-496,0-496,0V20C5.5,87.6,348.7,192.6,733.5,72.3z\"><\/path>\n\t\t\t\t\t<\/svg>\n\t\t\t\t<\/div>\n\t\t\t\t<div class=\"d-none d-lg-block\">\n\t\t\t\t\t<svg class=\"bg-wave bg-wave-invoice-bottom\" version=\"1.1\" xmlns=\"http:\/\/www.w3.org\/2000\/svg\" xmlns:xlink=\"http:\/\/www.w3.org\/1999\/xlink\" x=\"0px\" y=\"0px\" viewBox=\"0 0 1440 209.8\" style=\"enable-background:new 0 0 1440 209.8;\" xml:space=\"preserve\" preserveAspectRatio=\"none\">\n\t\t\t\t\t\t<path fill=\"#0029F2\" d=\"M740.7,0c509.5,0,643.9-16.2,865.8-16.2c0,0,0,0.3,0,38.7C1471.4,102.6,1316-94,1071.5,59      C827,212,640-162.6,378,111.5C116,385.5-113.9,0-113.9,0l0,0C223.6,0,229,0,740.7,0z\"><\/path>\n\t\t\t\t\t<\/svg>\n\t\t\t\t<\/div>\n\t\t\t\t<div class=\"d-lg-none\">\n\t\t\t\t\t<svg class=\"bg-wave bg-wave-invoice-bottom\" version=\"1.1\" xmlns=\"http:\/\/www.w3.org\/2000\/svg\" xmlns:xlink=\"http:\/\/www.w3.org\/1999\/xlink\" x=\"0px\" y=\"0px\" viewBox=\"0 0 727.8 104.9\" style=\"enable-background:new 0 0 727.8 104.9;\" xml:space=\"preserve\" preserveAspectRatio=\"none\">\n\t\t\t\t\t\t<path fill=\"#0029F2\" d=\"M258.3,0c509.5,0,643.9-16.2,865.8-16.2c0,0,0,0.3,0,38.7C989,102.6,833.6-94,589.1,59      c-244.5,153-431.5-221.6-693.5,52.5C-366.4,385.5-596.3,0-596.3,0l0,0C-258.8,0-253.4,0,258.3,0z\"><\/path>\n\t\t\t\t\t<\/svg>\n\t\t\t\t<\/div>\n\t\t\t\t<div class=\"container-small-ext pos-r\">\n\t\t\t\t\t<div class=\"invoice-star invoice-star-1 invoice-star--big\">\n\t\t\t\t\t\t<svg class=\"icon-svg icon-star\">\n\t\t\t\t\t\t\t<use xlink:href=\"https:\/\/www.billdu.com\/wp-content\/themes\/bildu-themes\/images\/sprites.svg#icon-star\"><\/use>\n\t\t\t\t\t\t<\/svg>\n\t\t\t\t\t<\/div>\n\t\t\t\t\t<div class=\"invoice-star invoice-star-2\">\n\t\t\t\t\t\t<svg class=\"icon-svg icon-star\">\n\t\t\t\t\t\t\t<use xlink:href=\"https:\/\/www.billdu.com\/wp-content\/themes\/bildu-themes\/images\/sprites.svg#icon-star\"><\/use>\n\t\t\t\t\t\t<\/svg>\n\t\t\t\t\t<\/div>\n\t\t\t\t\t<div class=\"invoice-star invoice-star-3\">\n\t\t\t\t\t\t<svg class=\"icon-svg icon-star\">\n\t\t\t\t\t\t\t<use xlink:href=\"https:\/\/www.billdu.com\/wp-content\/themes\/bildu-themes\/images\/sprites.svg#icon-star\"><\/use>\n\t\t\t\t\t\t<\/svg>\n\t\t\t\t\t<\/div>\n\t\t\t\t\t<div class=\"invoice-star invoice-star-4 invoice-star--big\">\n\t\t\t\t\t\t<svg class=\"icon-svg icon-star\">\n\t\t\t\t\t\t\t<use xlink:href=\"https:\/\/www.billdu.com\/wp-content\/themes\/bildu-themes\/images\/sprites.svg#icon-star\"><\/use>\n\t\t\t\t\t\t<\/svg>\n\t\t\t\t\t<\/div>\n\t\t\t\t\t<div class=\"invoice-star invoice-star-5 invoice-star--small\">\n\t\t\t\t\t\t<svg class=\"icon-svg icon-star\">\n\t\t\t\t\t\t\t<use xlink:href=\"https:\/\/www.billdu.com\/wp-content\/themes\/bildu-themes\/images\/sprites.svg#icon-star\"><\/use>\n\t\t\t\t\t\t<\/svg>\n\t\t\t\t\t<\/div>\n\t\t\t\t\t<div class=\"invoice-star invoice-star-6 d-none d-lg-block\">\n\t\t\t\t\t\t<svg class=\"icon-svg icon-star\">\n\t\t\t\t\t\t\t<use xlink:href=\"https:\/\/www.billdu.com\/wp-content\/themes\/bildu-themes\/images\/sprites.svg#icon-star\"><\/use>\n\t\t\t\t\t\t<\/svg>\n\t\t\t\t\t<\/div>\n\t\t\t\t\t<div class=\"row\">\n\t\t\t\t\t\t<div class=\"col-12 h--white h--margin-0 txt-c margin-bottom-3\">\n\t\t\t\t\t\t\t<div class=\"content-width-500 margin-center\">\n\t\t\t\t\t\t\t\t<div class=\"margin-bottom-1-5 h--text-upper h--font-secondary\">\n\t\t\t\t\t\t\t\t\t<div class=\"delta\">\n\t\t\t\t\t\t\t\t\t\t\n\t\t\t\t\t\t\t\t\t<\/div>\n\t\t\t\t\t\t\t\t<\/div>\n\t\t\t\t\t\t\t\t<div class=\"margin-bottom-1-5\">\n\t\t\t\t\t\t\t\t\t<h2 class=\"beta\">\n\t\t\t\t\t\t\t\t\t\tSta\u0148te sa s\u00fa\u010das\u0165ou kolekt\u00edvu billdu\n\t\t\t\t\t\t\t\t\t<\/h2>\n\t\t\t\t\t\t\t\t<\/div>\n\t\t\t\t\t\t\t\t<div class=\"p--white p--size-20 p--sm-size-16 p--margin-0\">\n\t\t\t\t\t\t\t\t\t<p>\n\t\t\t\t\t\t\t\t\t\t\n\t\t\t\t\t\t\t\t\t<\/p>\n\t\t\t\t\t\t\t\t<\/div>\n\t\t\t\t\t\t\t<\/div>\n\t\t\t\t\t\t<\/div>\n\t\t\t\t\t<\/div>\n\t\t\t\t\t\n\t\t\t\t<\/div>\n\t\t\t<\/section>\n\t\t\t\t\t\t<\/div>\n\t\t\t\t<\/div>\n\t\t\t\t\t<\/div>\n\t\t<\/div>\n\t\t\t\t\t<\/div>\n\t\t<\/section>\n\t\t\t\t<\/div>\n\t\t            <!-- review rich result\/snippet  sk-SK -->\n            <script type=\"application\/ld+json\">\n                {\n                    \"@context\": \"https:\/\/schema.org\",\n                    \"@type\": \"SoftwareApplication\",\n                    \"name\": \"Billdu\",\n                    \"operatingSystem\": \"Web\",\n                    \"applicationCategory\": \"Podnikov\u00e1Aplik\u00e1cia\",\n                    \"review\": [{\n                        \"@type\": \"Review\",\n                        \"reviewRating\": {\n                            \"@type\": \"Rating\",\n                            \"ratingValue\": \"5\"\n                        },\n                        \"author\": {\n                            \"@type\": \"Person\",\n                            \"name\": \"Ben Gouws\"\n                        }\n                    },{\n                        \"@type\": \"Review\",\n                        \"reviewRating\": {\n                            \"@type\": \"Rating\",\n                            \"ratingValue\": \"1\"\n                        },\n                        \"author\": {\n                            \"@type\": \"Person\",\n                            \"name\": \"Travis Messman\"\n                        }\n                    }],\n                    \"aggregateRating\": {\n                        \"@type\": \"AggregateRating\",\n                        \"ratingvalue\": \"4.6\",\n                        \"reviewCount\": \"470\",\n                        \"bestRating\": \"5\",\n                        \"worstRating\": \"1\",\n                        \"url\": \"https:\/\/www.trustpilot.com\/review\/billdu.com\"\n                    }\n                }\n            <\/script>\n                    <!-- review rich result\/snippet  en-US -->\n        <script type=\"application\/ld+json\">\n            {\n                \"@context\": \"https:\/\/schema.org\",\n                \"@type\": \"SoftwareApplication\",\n                \"name\": \"Billdu\",\n                \"operatingSystem\": \"Web\",\n                \"applicationCategory\": \"BusinessApplication\",\n                \"review\": [{\n                    \"@type\": \"Review\",\n                    \"reviewRating\": {\n                        \"@type\": \"Rating\",\n                        \"ratingValue\": \"5\"\n                    },\n                    \"author\": {\n                        \"@type\": \"Person\",\n                        \"name\": \"Ben Gouws\"\n                    }\n                },{\n                    \"@type\": \"Review\",\n                    \"reviewRating\": {\n                        \"@type\": \"Rating\",\n                        \"ratingValue\": \"1\"\n                    },\n                    \"author\": {\n                        \"@type\": \"Person\",\n                        \"name\": \"Travis Messman\"\n                    }\n                }],\n                \"aggregateRating\": {\n                    \"@type\": \"AggregateRating\",\n                    \"ratingvalue\": \"4.6\",\n                    \"reviewCount\": \"470\",\n                    \"bestRating\": \"5\",\n                    \"worstRating\": \"1\",\n                    \"url\": \"https:\/\/www.trustpilot.com\/review\/billdu.com\"\n                }\n            }\n\n        <\/script>\n        ","protected":false},"excerpt":{"rendered":"<p>AKTU\u00c1LNE ponuky Sta\u0148te sa s\u00fa\u010das\u0165ou kolekt\u00edvu billdu<\/p>\n","protected":false},"author":4,"featured_media":6561,"parent":0,"menu_order":0,"comment_status":"closed","ping_status":"closed","template":"","meta":{"_acf_changed":false,"footnotes":""},"class_list":["post-5521","page","type-page","status-publish","has-post-thumbnail","hentry"],"acf":[],"_links":{"self":[{"href":"https:\/\/www.billdu.com\/sk\/wp-json\/wp\/v2\/pages\/5521","targetHints":{"allow":["GET"]}}],"collection":[{"href":"https:\/\/www.billdu.com\/sk\/wp-json\/wp\/v2\/pages"}],"about":[{"href":"https:\/\/www.billdu.com\/sk\/wp-json\/wp\/v2\/types\/page"}],"author":[{"embeddable":true,"href":"https:\/\/www.billdu.com\/sk\/wp-json\/wp\/v2\/users\/4"}],"replies":[{"embeddable":true,"href":"https:\/\/www.billdu.com\/sk\/wp-json\/wp\/v2\/comments?post=5521"}],"version-history":[{"count":11,"href":"https:\/\/www.billdu.com\/sk\/wp-json\/wp\/v2\/pages\/5521\/revisions"}],"predecessor-version":[{"id":51575,"href":"https:\/\/www.billdu.com\/sk\/wp-json\/wp\/v2\/pages\/5521\/revisions\/51575"}],"wp:featuredmedia":[{"embeddable":true,"href":"https:\/\/www.billdu.com\/sk\/wp-json\/wp\/v2\/media\/6561"}],"wp:attachment":[{"href":"https:\/\/www.billdu.com\/sk\/wp-json\/wp\/v2\/media?parent=5521"}],"curies":[{"name":"wp","href":"https:\/\/api.w.org\/{rel}","templated":true}]}}